{"id":6192,"date":"2024-11-06T14:32:35","date_gmt":"2024-11-06T11:32:35","guid":{"rendered":"https:\/\/progressiverobotics.ai\/karriere\/"},"modified":"2026-02-24T11:30:24","modified_gmt":"2026-02-24T08:30:24","slug":"karriere","status":"publish","type":"page","link":"https:\/\/progressiverobotics.ai\/de\/karriere\/","title":{"rendered":"Karriere"},"content":{"rendered":"\t\t<div data-elementor-type=\"wp-page\" data-elementor-id=\"6192\" class=\"elementor elementor-6192 elementor-2169\" data-elementor-post-type=\"page\">\n\t\t\t\t\t\t<section data-particle_enable=\"false\" data-particle-mobile-disabled=\"false\" class=\"elementor-section elementor-top-section elementor-element elementor-element-1ddbe799 elementor-section-height-min-height elementor-section-full_width elementor-section-content-bottom elementor-section-height-default elementor-section-items-middle\" data-id=\"1ddbe799\" data-element_type=\"section\" data-settings=\"{&quot;background_background&quot;:&quot;classic&quot;}\">\n\t\t\t\t\t\t\t<div class=\"elementor-background-overlay\"><\/div>\n\t\t\t\t\t\t\t<div class=\"elementor-container elementor-column-gap-no\">\n\t\t\t\t\t<div class=\"elementor-column elementor-col-100 elementor-top-column elementor-element elementor-element-8cb8c80\" data-id=\"8cb8c80\" data-element_type=\"column\">\n\t\t\t<div class=\"elementor-widget-wrap elementor-element-populated\">\n\t\t\t\t\t\t<div class=\"elementor-element elementor-element-069a0f2 elementor-invisible elementor-widget elementor-widget-heading\" data-id=\"069a0f2\" data-element_type=\"widget\" data-settings=\"{&quot;_animation&quot;:&quot;fadeInUp&quot;}\" data-widget_type=\"heading.default\">\n\t\t\t\t<div class=\"elementor-widget-container\">\n\t\t\t<style>\/*! elementor - v3.22.0 - 26-06-2024 *\/\n.elementor-heading-title{padding:0;margin:0;line-height:1}.elementor-widget-heading .elementor-heading-title[class*=elementor-size-]>a{color:inherit;font-size:inherit;line-height:inherit}.elementor-widget-heading .elementor-heading-title.elementor-size-small{font-size:15px}.elementor-widget-heading .elementor-heading-title.elementor-size-medium{font-size:19px}.elementor-widget-heading .elementor-heading-title.elementor-size-large{font-size:29px}.elementor-widget-heading .elementor-heading-title.elementor-size-xl{font-size:39px}.elementor-widget-heading .elementor-heading-title.elementor-size-xxl{font-size:59px}<\/style><h1 class=\"elementor-heading-title elementor-size-default\">Karriere<\/h1>\t\t<\/div>\n\t\t\t\t<\/div>\n\t\t\t\t\t<\/div>\n\t\t<\/div>\n\t\t\t\t\t<\/div>\n\t\t<\/section>\n\t\t\t\t<section data-particle_enable=\"false\" data-particle-mobile-disabled=\"false\" class=\"elementor-section elementor-top-section elementor-element elementor-element-25cf6b2 elementor-section-full_width elementor-section-height-default elementor-section-height-default\" data-id=\"25cf6b2\" data-element_type=\"section\">\n\t\t\t\t\t\t<div class=\"elementor-container elementor-column-gap-default\">\n\t\t\t\t\t<div class=\"elementor-column elementor-col-100 elementor-top-column elementor-element elementor-element-d8c7507\" data-id=\"d8c7507\" data-element_type=\"column\" data-settings=\"{&quot;background_background&quot;:&quot;classic&quot;}\">\n\t\t\t<div class=\"elementor-widget-wrap elementor-element-populated\">\n\t\t\t\t\t\t<div class=\"elementor-element elementor-element-38e3bc8 elementor-widget elementor-widget-text-editor\" data-id=\"38e3bc8\" data-element_type=\"widget\" data-widget_type=\"text-editor.default\">\n\t\t\t\t<div class=\"elementor-widget-container\">\n\t\t\t<style>\/*! elementor - v3.22.0 - 26-06-2024 *\/\n.elementor-widget-text-editor.elementor-drop-cap-view-stacked .elementor-drop-cap{background-color:#69727d;color:#fff}.elementor-widget-text-editor.elementor-drop-cap-view-framed .elementor-drop-cap{color:#69727d;border:3px solid;background-color:transparent}.elementor-widget-text-editor:not(.elementor-drop-cap-view-default) .elementor-drop-cap{margin-top:8px}.elementor-widget-text-editor:not(.elementor-drop-cap-view-default) .elementor-drop-cap-letter{width:1em;height:1em}.elementor-widget-text-editor .elementor-drop-cap{float:left;text-align:center;line-height:1;font-size:50px}.elementor-widget-text-editor .elementor-drop-cap-letter{display:inline-block}<\/style>\t\t\t\t<p style=\"text-align: center;\">Bei Progressive Robotics geht es um Wachstum, Lernen und Wirkung. Bringen Sie Ihre Leidenschaft mit, und lassen Sie uns gemeinsam innovativ sein. <\/p>\t\t\t\t\t\t<\/div>\n\t\t\t\t<\/div>\n\t\t\t\t\t<\/div>\n\t\t<\/div>\n\t\t\t\t\t<\/div>\n\t\t<\/section>\n\t\t\t\t<section data-particle_enable=\"false\" data-particle-mobile-disabled=\"false\" class=\"elementor-section elementor-top-section elementor-element elementor-element-ea6acc1 elementor-section-boxed elementor-section-height-default elementor-section-height-default\" data-id=\"ea6acc1\" data-element_type=\"section\">\n\t\t\t\t\t\t<div class=\"elementor-container elementor-column-gap-default\">\n\t\t\t\t\t<div class=\"elementor-column elementor-col-100 elementor-top-column elementor-element elementor-element-802fc20\" data-id=\"802fc20\" data-element_type=\"column\">\n\t\t\t<div class=\"elementor-widget-wrap elementor-element-populated\">\n\t\t\t\t\t\t<div class=\"elementor-element elementor-element-781690f grandient_heading elementor-widget elementor-widget-heading\" data-id=\"781690f\" data-element_type=\"widget\" data-widget_type=\"heading.default\">\n\t\t\t\t<div class=\"elementor-widget-container\">\n\t\t\t<h2 class=\"elementor-heading-title elementor-size-default\">Werden Sie Mitglied bei Progressive Robotics<\/h2>\t\t<\/div>\n\t\t\t\t<\/div>\n\t\t\t\t<div class=\"elementor-element elementor-element-416f59b elementor-widget elementor-widget-html\" data-id=\"416f59b\" data-element_type=\"widget\" data-widget_type=\"html.default\">\n\t\t\t\t<div class=\"elementor-widget-container\">\n\t\t\t<script src=\"https:\/\/www.workable.com\/assets\/embed.js\" type=\"text\/javascript\"> <\/script>\n\n<script type=\"text\/javascript\" charset=\"utf-8\">\n\n  whr(document).ready(() =&gt; {\n\n    whr_embed(706894, {\"base\":\"jobs\",\"detail\":\"titles\",\"zoom\":\"country\",\"grouping\":\"none\"});\n\n  });\n\n<\/script>\n\n<div id=\"whr_embed_hook\"><\/div>\t\t<\/div>\n\t\t\t\t<\/div>\n\t\t\t\t<div class=\"elementor-element elementor-element-bed1739 elementor-widget elementor-widget-text-editor\" data-id=\"bed1739\" data-element_type=\"widget\" data-widget_type=\"text-editor.default\">\n\t\t\t\t<div class=\"elementor-widget-container\">\n\t\t\t\t\t\t\t<script src=\"https:\/\/www.workable.com\/assets\/embed.js\" type=\"text\/javascript\"> <\/script>\n\n<script type=\"text\/javascript\" charset=\"utf-8\">\n\n  whr(document).ready(() =&gt; {\n\n    whr_embed(706894, {\"base\":\"jobs\",\"detail\":\"titles\",\"zoom\":\"country\",\"grouping\":\"none\"});\n\n  });\n\n<\/script>\n\n<div id=\"whr_embed_hook\"><\/div>\t\t\t\t\t\t<\/div>\n\t\t\t\t<\/div>\n\t\t\t\t\t<\/div>\n\t\t<\/div>\n\t\t\t\t\t<\/div>\n\t\t<\/section>\n\t\t\t\t<section data-particle_enable=\"false\" data-particle-mobile-disabled=\"false\" class=\"elementor-section elementor-top-section elementor-element elementor-element-5d79379 elementor-section-boxed elementor-section-height-default elementor-section-height-default\" data-id=\"5d79379\" data-element_type=\"section\">\n\t\t\t\t\t\t<div class=\"elementor-container elementor-column-gap-default\">\n\t\t\t\t\t<div class=\"elementor-column elementor-col-100 elementor-top-column elementor-element elementor-element-717c9b0\" data-id=\"717c9b0\" data-element_type=\"column\">\n\t\t\t<div class=\"elementor-widget-wrap elementor-element-populated\">\n\t\t\t\t\t\t<div class=\"elementor-element elementor-element-462d390 elementor-align-center elementor-mobile-align-justify elementor-tablet-align-center elementor-widget-mobile__width-inherit elementor-widget elementor-widget-button\" data-id=\"462d390\" data-element_type=\"widget\" data-widget_type=\"button.default\">\n\t\t\t\t<div class=\"elementor-widget-container\">\n\t\t\t\t\t<div class=\"elementor-button-wrapper\">\n\t\t\t<a class=\"elementor-button elementor-button-link elementor-size-sm\" href=\"https:\/\/apply.workable.com\/progressive-robotics\/?lng=en\" target=\"_blank\" rel=\"noopener\">\n\t\t\t\t\t\t<span class=\"elementor-button-content-wrapper\">\n\t\t\t\t\t\t\t\t\t<span class=\"elementor-button-text\">Offene Stellen<\/span>\n\t\t\t\t\t<\/span>\n\t\t\t\t\t<\/a>\n\t\t<\/div>\n\t\t\t\t<\/div>\n\t\t\t\t<\/div>\n\t\t\t\t\t<\/div>\n\t\t<\/div>\n\t\t\t\t\t<\/div>\n\t\t<\/section>\n\t\t\t\t<section data-particle_enable=\"false\" data-particle-mobile-disabled=\"false\" class=\"elementor-section elementor-top-section elementor-element elementor-element-ac6cae8 elementor-section-content-middle elementor-section-boxed elementor-section-height-default elementor-section-height-default\" data-id=\"ac6cae8\" data-element_type=\"section\" data-settings=\"{&quot;background_background&quot;:&quot;classic&quot;}\">\n\t\t\t\t\t\t<div class=\"elementor-container elementor-column-gap-no\">\n\t\t\t\t\t<div class=\"elementor-column elementor-col-100 elementor-top-column elementor-element elementor-element-74366381\" data-id=\"74366381\" data-element_type=\"column\">\n\t\t\t<div class=\"elementor-widget-wrap elementor-element-populated\">\n\t\t\t\t\t\t<div class=\"elementor-element elementor-element-4617784 grandient_heading elementor-widget elementor-widget-heading\" data-id=\"4617784\" data-element_type=\"widget\" data-widget_type=\"heading.default\">\n\t\t\t\t<div class=\"elementor-widget-container\">\n\t\t\t<h2 class=\"elementor-heading-title elementor-size-default\">Sie sehen keine bestimmte Rolle?  <br>Werden Sie Teil unseres Talentpools  <\/h2>\t\t<\/div>\n\t\t\t\t<\/div>\n\t\t\t\t<div class=\"elementor-element elementor-element-50ec376 careers_text elementor-widget elementor-widget-text-editor\" data-id=\"50ec376\" data-element_type=\"widget\" data-widget_type=\"text-editor.default\">\n\t\t\t\t<div class=\"elementor-widget-container\">\n\t\t\t\t\t\t\t<p>Wir glauben, dass gro\u00dfe Talente selten in eine einzige Stellenbeschreibung passen.<\/p><p>Wenn Sie der Meinung sind, dass Sie uns helfen k\u00f6nnen, die Zukunft der Roboterhandhabung voranzutreiben, m\u00f6chten wir von Ihnen h\u00f6ren.<\/p><p><strong>Senden Sie Ihren Lebenslauf oder Ihr Portfolio<\/strong> <strong>an <\/strong><a href=\"mailto:info@progressiverobotics.ai\" target=\"_blank\" rel=\"noopener\" data-link-card=\"true\">info@progressiverobotics.ai <\/a> <\/p>\t\t\t\t\t\t<\/div>\n\t\t\t\t<\/div>\n\t\t\t\t\t<\/div>\n\t\t<\/div>\n\t\t\t\t\t<\/div>\n\t\t<\/section>\n\t\t\t\t<\/div>\n\t\t","protected":false},"excerpt":{"rendered":"<p>Karriere Bei Progressive Robotics geht es um Wachstum, Lernen und Wirkung. Bringen Sie Ihre Leidenschaft mit, und lassen Sie uns gemeinsam innovativ sein. Werden Sie Mitglied bei Progressive Robotics Offene Stellen Sie sehen keine bestimmte Rolle? Werden Sie Teil unseres Talentpools Wir glauben, dass gro\u00dfe Talente selten in eine einzige Stellenbeschreibung passen. Wenn Sie der [&hellip;]<\/p>\n","protected":false},"author":2,"featured_media":0,"parent":0,"menu_order":0,"comment_status":"closed","ping_status":"closed","template":"elementor_header_footer","meta":{"_acf_changed":false,"footnotes":""},"class_list":["post-6192","page","type-page","status-publish","hentry"],"acf":[],"rttpg_featured_image_url":null,"rttpg_author":{"display_name":"progressive_robotics","author_link":"https:\/\/progressiverobotics.ai\/de\/author\/progressive_robotics\/"},"rttpg_comment":0,"rttpg_category":" <a href=\"https:\/\/progressiverobotics.ai\/de\/?taxonomy=translation_priority&#038;term=optional-de\" rel=\"tag\">Optional<\/a>","rttpg_excerpt":"Karriere Bei Progressive Robotics geht es um Wachstum, Lernen und Wirkung. Bringen Sie Ihre Leidenschaft mit, und lassen Sie uns gemeinsam innovativ sein. Werden Sie Mitglied bei Progressive Robotics Offene Stellen Sie sehen keine bestimmte Rolle? Werden Sie Teil unseres Talentpools Wir glauben, dass gro\u00dfe Talente selten in eine einzige Stellenbeschreibung passen. Wenn Sie der&hellip;","_links":{"self":[{"href":"https:\/\/progressiverobotics.ai\/de\/wp-json\/wp\/v2\/pages\/6192","targetHints":{"allow":["GET"]}}],"collection":[{"href":"https:\/\/progressiverobotics.ai\/de\/wp-json\/wp\/v2\/pages"}],"about":[{"href":"https:\/\/progressiverobotics.ai\/de\/wp-json\/wp\/v2\/types\/page"}],"author":[{"embeddable":true,"href":"https:\/\/progressiverobotics.ai\/de\/wp-json\/wp\/v2\/users\/2"}],"replies":[{"embeddable":true,"href":"https:\/\/progressiverobotics.ai\/de\/wp-json\/wp\/v2\/comments?post=6192"}],"version-history":[{"count":6,"href":"https:\/\/progressiverobotics.ai\/de\/wp-json\/wp\/v2\/pages\/6192\/revisions"}],"predecessor-version":[{"id":8161,"href":"https:\/\/progressiverobotics.ai\/de\/wp-json\/wp\/v2\/pages\/6192\/revisions\/8161"}],"wp:attachment":[{"href":"https:\/\/progressiverobotics.ai\/de\/wp-json\/wp\/v2\/media?parent=6192"}],"curies":[{"name":"wp","href":"https:\/\/api.w.org\/{rel}","templated":true}]}}